{"id":192,"date":"2019-10-05T23:51:48","date_gmt":"2019-10-05T23:51:48","guid":{"rendered":"https:\/\/outremont.movingdowntown.ca\/fr\/?page_id=192"},"modified":"2025-12-22T03:41:36","modified_gmt":"2025-12-22T03:41:36","slug":"estimation","status":"publish","type":"page","link":"https:\/\/outremont.movingdowntown.ca\/fr\/estimation\/","title":{"rendered":"Estimation D\u00e9m\u00e9nagement Outremont"},"content":{"rendered":"<p>[et_pb_section fb_built=\u00a0\u00bb1&Prime; custom_padding=\u00a0\u00bb0px|0px|0px|0px\u00a0\u00bb _builder_version=\u00a0\u00bb3.0.69&Prime; background_image=\u00a0\u00bbhttps:\/\/outremont.movingdowntown.ca\/wp-content\/uploads\/2019\/09\/outremont_moving_.jpg\u00a0\u00bb background_size=\u00a0\u00bbinitial\u00a0\u00bb][et_pb_row custom_padding=\u00a0\u00bb|||\u00a0\u00bb custom_padding_phone=\u00a0\u00bb|||\u00a0\u00bb custom_margin=\u00a0\u00bb|||\u00a0\u00bb custom_padding_last_edited=\u00a0\u00bbon|desktop\u00a0\u00bb _builder_version=\u00a0\u00bb3.0.69&Prime; background_size=\u00a0\u00bbinitial\u00a0\u00bb background_position=\u00a0\u00bbtop_left\u00a0\u00bb background_repeat=\u00a0\u00bbrepeat\u00a0\u00bb][et_pb_column type=\u00a0\u00bb4_4&Prime; _builder_version=\u00a0\u00bb3.0.47&Prime; parallax=\u00a0\u00bboff\u00a0\u00bb parallax_method=\u00a0\u00bbon\u00a0\u00bb][et_pb_code max_width_last_edited=\u00a0\u00bbon|phone\u00a0\u00bb _builder_version=\u00a0\u00bb3.0.69&Prime;]&lt;p align=\u00a0\u00bbright\u00a0\u00bb&gt;&lt;a href=\u00a0\u00bb\/fr\/\u00a0\u00bb&gt;&lt;img src=\u00a0\u00bbhttps:\/\/outremont.movingdowntown.ca\/wp-content\/uploads\/2019\/09\/fr.png\u00a0\u00bb alt=\u00a0\u00bbfr\u00a0\u00bb title=\u00a0\u00bbFrancais\u00a0\u00bb&gt;&lt;\/a&gt;&nbsp;&lt;a href=\u00a0\u00bb\/estimation\/\u00a0\u00bb&gt;&lt;img src=\u00a0\u00bbhttps:\/\/outremont.movingdowntown.ca\/wp-content\/uploads\/2019\/09\/en.png\u00a0\u00bb alt=\u00a0\u00bben\u00a0\u00bb title=\u00a0\u00bbEnglish\u00a0\u00bb&gt;&lt;\/a&gt;&lt;\/p&gt;&lt;!&#8211; [et_pb_line_break_holder] &#8211;&gt; [\/et_pb_code][\/et_pb_column][\/et_pb_row][et_pb_row use_custom_width=\u00a0\u00bbon\u00a0\u00bb width_unit=\u00a0\u00bboff\u00a0\u00bb custom_padding=\u00a0\u00bb0px|||\u00a0\u00bb custom_margin=\u00a0\u00bb0px|||\u00a0\u00bb _builder_version=\u00a0\u00bb3.0.69&Prime; background_size=\u00a0\u00bbinitial\u00a0\u00bb background_position=\u00a0\u00bbtop_left\u00a0\u00bb background_repeat=\u00a0\u00bbrepeat\u00a0\u00bb][et_pb_column type=\u00a0\u00bb4_4&Prime; _builder_version=\u00a0\u00bb3.0.47&Prime; parallax=\u00a0\u00bboff\u00a0\u00bb parallax_method=\u00a0\u00bbon\u00a0\u00bb][et_pb_text background_layout=\u00a0\u00bbdark\u00a0\u00bb text_orientation=\u00a0\u00bbcenter\u00a0\u00bb admin_label=\u00a0\u00bbText\u00a0\u00bb _builder_version=\u00a0\u00bb3.0.69&Prime; header_font_size=\u00a0\u00bb65px\u00a0\u00bb header_font_size_tablet=\u00a0\u00bb93px\u00a0\u00bb header_font_size_phone=\u00a0\u00bb58px\u00a0\u00bb header_font_size_last_edited=\u00a0\u00bbon|phone\u00a0\u00bb background_size=\u00a0\u00bbinitial\u00a0\u00bb background_position=\u00a0\u00bbtop_left\u00a0\u00bb background_repeat=\u00a0\u00bbrepeat\u00a0\u00bb custom_margin=\u00a0\u00bb-15px|||\u00a0\u00bb custom_padding=\u00a0\u00bb|||\u00a0\u00bb]<\/p>\n<h1><span style=\"font-size: 54px;\"><span style=\"color: #000000; font-family: 'Times New Roman', Georgia, 'Times New Roman', serif; font-style: normal; font-variant-ligatures: normal; font-variant-caps: normal; letter-spacing: normal; text-align: left; text-indent: 0px; text-transform: none; white-space: normal; word-spacing: 0px; -webkit-text-stroke-width: 0px; background-color: #ffffff; opacity: 0.6; text-decoration-style: initial; text-decoration-color: initial; display: inline !important; float: none;\">Devis D\u00e9m\u00e9nagement<\/span><\/span><\/h1>\n<p>[\/et_pb_text][\/et_pb_column][\/et_pb_row][\/et_pb_section][et_pb_section fb_built=\u00a0\u00bb1&Prime; _builder_version=\u00a0\u00bb3.0.47&Prime;][et_pb_row _builder_version=\u00a0\u00bb3.0.47&Prime; background_size=\u00a0\u00bbinitial\u00a0\u00bb background_position=\u00a0\u00bbtop_left\u00a0\u00bb background_repeat=\u00a0\u00bbrepeat\u00a0\u00bb][et_pb_column type=\u00a0\u00bb4_4&Prime; _builder_version=\u00a0\u00bb3.0.47&Prime; parallax=\u00a0\u00bboff\u00a0\u00bb parallax_method=\u00a0\u00bbon\u00a0\u00bb][et_pb_text admin_label=\u00a0\u00bbText\u00a0\u00bb _builder_version=\u00a0\u00bb3.0.69&Prime; text_font=\u00a0\u00bb||||\u00a0\u00bb text_font_size=\u00a0\u00bb17px\u00a0\u00bb text_font_size_tablet=\u00a0\u00bb17px\u00a0\u00bb text_font_size_phone=\u00a0\u00bb18px\u00a0\u00bb text_font_size_last_edited=\u00a0\u00bbon|tablet\u00a0\u00bb text_text_color=\u00a0\u00bb#050505&Prime; background_size=\u00a0\u00bbinitial\u00a0\u00bb background_position=\u00a0\u00bbtop_left\u00a0\u00bb background_repeat=\u00a0\u00bbrepeat\u00a0\u00bb]<\/p>\n<p><span style=\"color: #000000;\"><strong>Planifiez de d\u00e9m\u00e9nager bient\u00f4t?<\/strong>&nbsp; Voulez-vous avoir une estimation de d\u00e9m\u00e9nagement rapide? Vous pouvez le faire avec D\u00e9m\u00e9nagement Outremont. Notre formulaire de devis en ligne facilite votre travail et vous obtiendrez une r\u00e9ponse rapide et pr\u00e9cise. Qu&rsquo;il s&rsquo;agisse d&rsquo;un d\u00e9m\u00e9nagement local ou d&rsquo;un d\u00e9m\u00e9nagement longue distance, vous pouvez remplir le formulaire ci-dessous et b\u00e9n\u00e9ficier d&rsquo;un rabais pouvant aller jusqu&rsquo;\u00e0 10%.<\/span><\/p>\n<h2 style=\"text-align: center;\"><\/h2>\n<h2 style=\"text-align: center;\"><\/h2>\n<h2 style=\"text-align: center;\">Estimation D\u00e9m\u00e9nagement 24h<\/h2>\n<p>[\/et_pb_text][\/et_pb_column][\/et_pb_row][et_pb_row custom_padding=\u00a0\u00bb6px|0px|27px|0px\u00a0\u00bb _builder_version=\u00a0\u00bb3.0.47&Prime; background_size=\u00a0\u00bbinitial\u00a0\u00bb background_position=\u00a0\u00bbtop_left\u00a0\u00bb background_repeat=\u00a0\u00bbrepeat\u00a0\u00bb][et_pb_column type=\u00a0\u00bb4_4&Prime; _builder_version=\u00a0\u00bb3.0.47&Prime; parallax=\u00a0\u00bboff\u00a0\u00bb parallax_method=\u00a0\u00bbon\u00a0\u00bb][et_pb_code _builder_version=\u00a0\u00bb3.0.69&Prime;]&lt;form id=\u00a0\u00bbcontact\u00a0\u00bb action=\u00a0\u00bb\/wp-content\/themes\/Divi\/mail.php\u00a0\u00bb method=\u00a0\u00bbpost\u00a0\u00bb&gt;&lt;!&#8211; [et_pb_line_break_holder] &#8211;&gt; &lt;a&gt;&lt;label for=\u00a0\u00bbname\u00a0\u00bb&gt;Date&lt;\/label&gt;&lt;br&gt;&lt;input type=\u00a0\u00bbdate\u00a0\u00bb name=\u00a0\u00bbname\u00a0\u00bb id=\u00a0\u00bbname\u00a0\u00bb placeholder=\u00a0\u00bbdd\/mm\/yyyy\u00a0\u00bb required=\u00a0\u00bb\u00a0\u00bb&gt;&lt;\/a&gt;&lt;!&#8211; [et_pb_line_break_holder] &#8211;&gt;&lt;!&#8211; [et_pb_line_break_holder] &#8211;&gt;&lt;p&gt;&lt;a&gt;&lt;label for=\u00a0\u00bburl\u00a0\u00bb&gt;Type D\u00e9m\u00e9nagement&lt;\/label&gt;&lt;br&gt;&lt;!&#8211; [et_pb_line_break_holder] &#8211;&gt; &lt;select name=\u00a0\u00bbtype\u00a0\u00bb  id=\u00a0\u00bburl\u00a0\u00bb required=\u00a0\u00bb\u00a0\u00bb&gt;&lt;option value=\u00a0\u00bb\u00a0\u00bb disabled=\u00a0\u00bb\u00a0\u00bb selected=\u00a0\u00bb\u00a0\u00bb&gt;Choisir option&lt;\/option&gt;&lt;option value=\u00a0\u00bbResidential Moving\u00a0\u00bb&gt;D\u00e9m\u00e9nagement r\u00e9sidentiel&lt;\/option&gt;&lt;option value=\u00a0\u00bbCommercial Moving\u00a0\u00bb&gt;D\u00e9m\u00e9nagement commercial&lt;\/option&gt;&lt;option value=\u00a0\u00bbIndustrial Moving\u00a0\u00bb&gt;D\u00e9m\u00e9nagement industriel&lt;\/option&gt;&lt;option value=\u00a0\u00bbPiano Moving\u00a0\u00bb&gt;D\u00e9m\u00e9nagement Piano&lt;\/option&gt;&lt;option value=\u00a0\u00bbBilliard Moving\u00a0\u00bb&gt;D\u00e9m\u00e9nagement Billiard &lt;\/option&gt;&lt;option value=\u00a0\u00bbDelivery\u00a0\u00bb&gt;Livraison&lt;\/option&gt;&lt;option value=\u00a0\u00bbStorage\u00a0\u00bb&gt;Entreposage&lt;\/option&gt;&lt;option value=\u00a0\u00bbFurniture Assembly\u00a0\u00bb&gt;Assemblage de meubles&lt;\/option&gt;&lt;option value=\u00a0\u00bbKitchen Assembly\u00a0\u00bb&gt;Assemblage de cuisine&lt;\/option&gt;&lt;\/select&gt;&lt;\/a&gt;&lt;\/p&gt;&lt;!&#8211; [et_pb_line_break_holder] &#8211;&gt;&lt;!&#8211; [et_pb_line_break_holder] &#8211;&gt;&lt;div&gt;&lt;a&gt;&lt;label for=\u00a0\u00bbauthor\u00a0\u00bb&gt;Adresse et Code Postal&lt;\/label&gt;&lt;br&gt;&lt;input type=\u00a0\u00bbtext\u00a0\u00bb name=\u00a0\u00bbdeparture\u00a0\u00bb id=\u00a0\u00bbdeparture\u00a0\u00bb placeholder=\u00a0\u00bbAdresse de d\u00e9part\u00a0\u00bb required=\u00a0\u00bb\u00a0\u00bb&gt;&lt;\/a&gt;&lt;\/div&gt;&lt;!&#8211; [et_pb_line_break_holder] &#8211;&gt;&lt;!&#8211; [et_pb_line_break_holder] &#8211;&gt;&lt;div&gt;&lt;!&#8211; [et_pb_line_break_holder] &#8211;&gt;&lt;input type=\u00a0\u00bbradio\u00a0\u00bb class=\u00a0\u00bbname1&Prime; value=\u00a0\u00bbApartment\u00a0\u00bb id=\u00a0\u00bbtype\u00a0\u00bb name=\u00a0\u00bbname1&Prime;&gt;&lt;!&#8211; [et_pb_line_break_holder] &#8211;&gt;&lt;label class=\u00a0\u00bbvfb-choice\u00a0\u00bb for=\u00a0\u00bb0&Prime;&gt;Appartement&lt;\/label&lt;!&#8211; [et_pb_line_break_holder] &#8211;&gt;\t&gt;&lt;!&#8211; [et_pb_line_break_holder] &#8211;&gt;&lt;input type=\u00a0\u00bbradio\u00a0\u00bb class=\u00a0\u00bbname1 \u00a0\u00bb value=\u00a0\u00bbHouse\u00a0\u00bb id=\u00a0\u00bbtype1&Prime; name=\u00a0\u00bbname1&Prime;&gt;&lt;!&#8211; [et_pb_line_break_holder] &#8211;&gt;&lt;label class=\u00a0\u00bbvfb-choice\u00a0\u00bb for=\u00a0\u00bb2&Prime;&gt;Maison&lt;\/label&gt;&lt;!&#8211; [et_pb_line_break_holder] &#8211;&gt;&lt;input type=\u00a0\u00bbradio\u00a0\u00bb class=\u00a0\u00bbname1 \u00a0\u00bb value=\u00a0\u00bbOffice\u00a0\u00bb id=\u00a0\u00bbtype2&Prime; name=\u00a0\u00bbname1&Prime;&gt;&lt;!&#8211; [et_pb_line_break_holder] &#8211;&gt;&lt;label class=\u00a0\u00bbvfb-choice\u00a0\u00bb for=\u00a0\u00bb3&Prime;&gt;Bureau&lt;\/label&gt;&lt;!&#8211; [et_pb_line_break_holder] &#8211;&gt;&lt;div style=\u00a0\u00bbclear:both\u00a0\u00bb&gt;&lt;!&#8211; [et_pb_line_break_holder] &#8211;&gt;&lt;\/div&gt;&lt;!&#8211; [et_pb_line_break_holder] &#8211;&gt;&lt;\/div&gt;&lt;!&#8211; [et_pb_line_break_holder] &#8211;&gt;&lt;p&gt;&lt;a&gt;&lt;label for=\u00a0\u00bbsize\u00a0\u00bb&gt;Grandeur&lt;\/label&gt;&lt;select name=\u00a0\u00bbsize\u00a0\u00bb  id=\u00a0\u00bbsize\u00a0\u00bb required=\u00a0\u00bb\u00a0\u00bb&gt;&lt;option value=\u00a0\u00bb\u00a0\u00bb disabled=\u00a0\u00bb\u00a0\u00bb selected=\u00a0\u00bb\u00a0\u00bb&gt;Choisir grandeur&lt;\/option&gt;&lt;option value=\u00a0\u00bb1-1\/2&Prime;&gt;1-1\/2&lt;\/option&gt;&lt;option value=\u00a0\u00bb2-1\/2&Prime;&gt;2-1\/2&lt;\/option&gt;&lt;option value=\u00a0\u00bb3-1\/2&Prime;&gt;3-1\/2&lt;\/option&gt;&lt;option value=\u00a0\u00bb4-1\/2&Prime;&gt;4-1\/2&lt;\/option&gt;&lt;option value=\u00a0\u00bb5-1\/2&Prime;&gt;5-1\/2&lt;\/option&gt;&lt;option value=\u00a0\u00bb6-1\/2&Prime;&gt;6-1\/2&lt;\/option&gt;&lt;option value=\u00a0\u00bb7-1\/2&Prime;&gt;7-1\/2&lt;\/option&gt;&lt;option value=\u00a0\u00bb8-1\/2&Prime;&gt;8-1\/2&lt;\/option&gt;&lt;\/select&gt;&lt;\/a&gt;&lt;!&#8211; [et_pb_line_break_holder] &#8211;&gt; &lt;a&gt;&lt;label for=\u00a0\u00bbsub1&Prime;&gt;\u00c9tage&lt;\/label&gt;&lt;select name=\u00a0\u00bbsub1&Prime;  id=\u00a0\u00bbsub1&Prime; required=\u00a0\u00bb\u00a0\u00bb&gt;&lt;option value=\u00a0\u00bb\u00a0\u00bb disabled=\u00a0\u00bb\u00a0\u00bb selected=\u00a0\u00bb\u00a0\u00bb&gt;Choisir \u00e9tage&lt;\/option&gt;&lt;option value=\u00a0\u00bbBasement\u00a0\u00bb&gt;Sous-sol&lt;\/option&gt;&lt;option value=\u00a0\u00bbGround\u00a0\u00bb&gt;Rez de chauss\u00e9e&lt;\/option&gt;&lt;option value=\u00a0\u00bbSecond\u00a0\u00bb&gt;Premi\u00e8re&lt;\/option&gt;&lt;option value=\u00a0\u00bbSecond\u00a0\u00bb&gt;Deuxi\u00e8me&lt;\/option&gt;&lt;option value=\u00a0\u00bbThird\u00a0\u00bb&gt;Troisi\u00e8me&lt;\/option&gt;&lt;option value=\u00a0\u00bbFourth\u00a0\u00bb&gt;Quatri\u00e8me&lt;\/option&gt;&lt;option value=\u00a0\u00bbElevator\u00a0\u00bb&gt;Ascenseur&lt;\/option&gt;&lt;\/select&gt;&lt;\/a&gt;&lt;\/p&gt;&lt;!&#8211; [et_pb_line_break_holder] &#8211;&gt;&lt;!&#8211; [et_pb_line_break_holder] &#8211;&gt;&lt;div&gt;&lt;a&gt;&lt;label for=\u00a0\u00bbarrival\u00a0\u00bb&gt;Adresse et Code Postal&lt;\/label&gt;&lt;br&gt;&lt;input type=\u00a0\u00bbtext\u00a0\u00bb name=\u00a0\u00bbarrival\u00a0\u00bb id=\u00a0\u00bbarrival\u00a0\u00bb placeholder=\u00a0\u00bbAdresse d&rsquo;arriv\u00e9e\u00a0\u00bb required=\u00a0\u00bb\u00a0\u00bb&gt;&lt;\/a&gt;&lt;\/div&gt;&lt;!&#8211; [et_pb_line_break_holder] &#8211;&gt;&lt;!&#8211; [et_pb_line_break_holder] &#8211;&gt;&lt;div&gt;&lt;a&gt;&lt;label for=\u00a0\u00bbsub\u00a0\u00bb&gt;\u00c9tage&lt;\/label&gt;&lt;br&gt;&lt;select name=\u00a0\u00bbsub\u00a0\u00bb id=\u00a0\u00bbsub\u00a0\u00bb required=\u00a0\u00bb\u00a0\u00bb&gt;&lt;option value=\u00a0\u00bb\u00a0\u00bb disabled=\u00a0\u00bb\u00a0\u00bb selected=\u00a0\u00bb\u00a0\u00bb&gt;Choisir \u00e9tage&lt;\/option&gt;&lt;option value=\u00a0\u00bbBasement\u00a0\u00bb&gt;Sous-sol&lt;\/option&gt;&lt;option value=\u00a0\u00bbGround\u00a0\u00bb&gt;Rez de chauss\u00e9e&lt;\/option&gt;&lt;option value=\u00a0\u00bbSecond\u00a0\u00bb&gt;Premi\u00e8re&lt;\/option&gt;&lt;option value=\u00a0\u00bbSecond\u00a0\u00bb&gt;Deuxi\u00e8me&lt;\/option&gt;&lt;option value=\u00a0\u00bbThird\u00a0\u00bb&gt;Troisi\u00e8me&lt;\/option&gt;&lt;option value=\u00a0\u00bbFourth\u00a0\u00bb&gt;Quatri\u00e8me&lt;\/option&gt;&lt;option value=\u00a0\u00bbElevator\u00a0\u00bb&gt;Ascenseur&lt;\/option&gt;&lt;\/select&gt;&lt;\/a&gt;&lt;!&#8211; [et_pb_line_break_holder] &#8211;&gt;&lt;\/div&gt;&lt;!&#8211; [et_pb_line_break_holder] &#8211;&gt;&lt;!&#8211; [et_pb_line_break_holder] &#8211;&gt;&lt;div&gt;&lt;a&gt;&lt;label for=\u00a0\u00bbemail\u00a0\u00bb&gt;E-mail&lt;\/label&gt;&lt;br&gt;&lt;input type=\u00a0\u00bbemail\u00a0\u00bb name=\u00a0\u00bbemail\u00a0\u00bb id=\u00a0\u00bbemail\u00a0\u00bb placeholder=\u00a0\u00bbE-@mail.com\u00a0\u00bb required=\u00a0\u00bb\u00a0\u00bb&gt;&lt;\/a&gt;&lt;\/div&gt;&lt;!&#8211; [et_pb_line_break_holder] &#8211;&gt; &lt;div&gt;&lt;a&gt;&lt;label for=\u00a0\u00bbsub\u00a0\u00bb&gt;T\u00e9l\u00e9phone&lt;\/label&gt;&lt;br&gt;&lt;input type=\u00a0\u00bbtext\u00a0\u00bb name=\u00a0\u00bbtel\u00a0\u00bb id=\u00a0\u00bbtel\u00a0\u00bb placeholder=\u00a0\u00bbNum\u00e9ro de t\u00e9l\u00e9phone\u00a0\u00bb required=\u00a0\u00bb\u00a0\u00bb&gt;&lt;\/a&gt;&lt;\/div&gt;&lt;!&#8211; [et_pb_line_break_holder] &#8211;&gt; &lt;div&gt;&lt;a&gt;&lt;label for=\u00a0\u00bbcomment\u00a0\u00bb&gt;Message&lt;\/label&gt;&lt;br&gt;&lt;textarea name=\u00a0\u00bbmessage\u00a0\u00bb cols=\u00a0\u00bb20&Prime; rows=\u00a0\u00bb3&Prime; id=\u00a0\u00bbcomment\u00a0\u00bb placeholder=\u00a0\u00bbMessage\u00a0\u00bb required=\u00a0\u00bb\u00a0\u00bb&gt;&lt;\/textarea&gt;&lt;\/a&gt;&lt;\/div&gt;&lt;!&#8211; [et_pb_line_break_holder] &#8211;&gt;&lt;!&#8211; [et_pb_line_break_holder] &#8211;&gt;&lt;div class=\u00a0\u00bbw0&Prime;&gt;&lt;textarea id=\u00a0\u00bbmessage1&Prime; class=\u00a0\u00bbw100 border\u00a0\u00bb name=\u00a0\u00bbmessage1&Prime; rows=\u00a0\u00bb5&Prime;&gt;&lt;\/textarea&gt;&lt;!&#8211; [et_pb_line_break_holder] &#8211;&gt;&lt;input id=\u00a0\u00bbcheck\u00a0\u00bb name=\u00a0\u00bbcheck\u00a0\u00bb type=\u00a0\u00bbtext\u00a0\u00bb value=\u00a0\u00bb\u00a0\u00bb \/&gt;&lt;\/div&gt;&lt;!&#8211; [et_pb_line_break_holder] &#8211;&gt;&lt;input id=\u00a0\u00bbsubmit\u00a0\u00bb type=\u00a0\u00bbsubmit\u00a0\u00bb value=\u00a0\u00bbEnvoyer\u00a0\u00bb onclick=\u00a0\u00bbdocument.getElementById(&lsquo;check&rsquo;).value = &lsquo;stopSpam&rsquo;;\u00a0\u00bb \/&gt;&lt;!&#8211; [et_pb_line_break_holder] &#8211;&gt;&lt;div id=\u00a0\u00bbnote\u00a0\u00bb&gt;&lt;\/div&gt;&lt;!&#8211; [et_pb_line_break_holder] &#8211;&gt;&lt;div id=\u00a0\u00bbfields\u00a0\u00bb&gt;&lt;\/div&gt;&lt;!&#8211; [et_pb_line_break_holder] &#8211;&gt;&lt;\/form&gt;&lt;!&#8211; [et_pb_line_break_holder] &#8211;&gt;&lt;!&#8211; [et_pb_line_break_holder] &#8211;&gt;[\/et_pb_code][\/et_pb_column][\/et_pb_row][\/et_pb_section]<\/p>\n","protected":false},"excerpt":{"rendered":"<p>[et_pb_section fb_built=\u00a0\u00bb1&Prime; custom_padding=\u00a0\u00bb0px|0px|0px|0px\u00a0\u00bb _builder_version=\u00a0\u00bb3.0.69&Prime; background_image=\u00a0\u00bbhttps:\/\/outremont.movingdowntown.ca\/wp-content\/uploads\/2019\/09\/outremont_moving_.jpg\u00a0\u00bb background_size=\u00a0\u00bbinitial\u00a0\u00bb][et_pb_row custom_padding=\u00a0\u00bb|||\u00a0\u00bb custom_padding_phone=\u00a0\u00bb|||\u00a0\u00bb custom_margin=\u00a0\u00bb|||\u00a0\u00bb custom_padding_last_edited=\u00a0\u00bbon|desktop\u00a0\u00bb _builder_version=\u00a0\u00bb3.0.69&Prime; background_size=\u00a0\u00bbinitial\u00a0\u00bb background_position=\u00a0\u00bbtop_left\u00a0\u00bb background_repeat=\u00a0\u00bbrepeat\u00a0\u00bb][et_pb_column type=\u00a0\u00bb4_4&Prime; _builder_version=\u00a0\u00bb3.0.47&Prime; parallax=\u00a0\u00bboff\u00a0\u00bb parallax_method=\u00a0\u00bbon\u00a0\u00bb][et_pb_code max_width_last_edited=\u00a0\u00bbon|phone\u00a0\u00bb _builder_version=\u00a0\u00bb3.0.69&Prime;]&lt;p align=\u00a0\u00bbright\u00a0\u00bb&gt;&lt;a href=\u00a0\u00bb\/fr\/\u00a0\u00bb&gt;&lt;img src=\u00a0\u00bbhttps:\/\/outremont.movingdowntown.ca\/wp-content\/uploads\/2019\/09\/fr.png\u00a0\u00bb alt=\u00a0\u00bbfr\u00a0\u00bb title=\u00a0\u00bbFrancais\u00a0\u00bb&gt;&lt;\/a&gt;&nbsp;&lt;a href=\u00a0\u00bb\/estimation\/\u00a0\u00bb&gt;&lt;img src=\u00a0\u00bbhttps:\/\/outremont.movingdowntown.ca\/wp-content\/uploads\/2019\/09\/en.png\u00a0\u00bb alt=\u00a0\u00bben\u00a0\u00bb title=\u00a0\u00bbEnglish\u00a0\u00bb&gt;&lt;\/a&gt;&lt;\/p&gt;&lt;!&#8211; [et_pb_line_break_holder] &#8211;&gt; [\/et_pb_code][\/et_pb_column][\/et_pb_row][et_pb_row use_custom_width=\u00a0\u00bbon\u00a0\u00bb width_unit=\u00a0\u00bboff\u00a0\u00bb custom_padding=\u00a0\u00bb0px|||\u00a0\u00bb custom_margin=\u00a0\u00bb0px|||\u00a0\u00bb _builder_version=\u00a0\u00bb3.0.69&Prime; background_size=\u00a0\u00bbinitial\u00a0\u00bb background_position=\u00a0\u00bbtop_left\u00a0\u00bb background_repeat=\u00a0\u00bbrepeat\u00a0\u00bb][et_pb_column type=\u00a0\u00bb4_4&Prime; _builder_version=\u00a0\u00bb3.0.47&Prime; parallax=\u00a0\u00bboff\u00a0\u00bb parallax_method=\u00a0\u00bbon\u00a0\u00bb][et_pb_text background_layout=\u00a0\u00bbdark\u00a0\u00bb text_orientation=\u00a0\u00bbcenter\u00a0\u00bb admin_label=\u00a0\u00bbText\u00a0\u00bb _builder_version=\u00a0\u00bb3.0.69&Prime; header_font_size=\u00a0\u00bb65px\u00a0\u00bb header_font_size_tablet=\u00a0\u00bb93px\u00a0\u00bb header_font_size_phone=\u00a0\u00bb58px\u00a0\u00bb header_font_size_last_edited=\u00a0\u00bbon|phone\u00a0\u00bb background_size=\u00a0\u00bbinitial\u00a0\u00bb background_position=\u00a0\u00bbtop_left\u00a0\u00bb background_repeat=\u00a0\u00bbrepeat\u00a0\u00bb [&hellip;]<\/p>\n","protected":false},"author":1,"featured_media":0,"parent":0,"menu_order":3,"comment_status":"closed","ping_status":"closed","template":"","meta":[],"_links":{"self":[{"href":"https:\/\/outremont.movingdowntown.ca\/fr\/wp-json\/wp\/v2\/pages\/192"}],"collection":[{"href":"https:\/\/outremont.movingdowntown.ca\/fr\/wp-json\/wp\/v2\/pages"}],"about":[{"href":"https:\/\/outremont.movingdowntown.ca\/fr\/wp-json\/wp\/v2\/types\/page"}],"author":[{"embeddable":true,"href":"https:\/\/outremont.movingdowntown.ca\/fr\/wp-json\/wp\/v2\/users\/1"}],"replies":[{"embeddable":true,"href":"https:\/\/outremont.movingdowntown.ca\/fr\/wp-json\/wp\/v2\/comments?post=192"}],"version-history":[{"count":0,"href":"https:\/\/outremont.movingdowntown.ca\/fr\/wp-json\/wp\/v2\/pages\/192\/revisions"}],"wp:attachment":[{"href":"https:\/\/outremont.movingdowntown.ca\/fr\/wp-json\/wp\/v2\/media?parent=192"}],"curies":[{"name":"wp","href":"https:\/\/api.w.org\/{rel}","templated":true}]}}