{"id":150,"date":"2019-10-04T21:13:27","date_gmt":"2019-10-04T21:13:27","guid":{"rendered":"https:\/\/outremont.movingdowntown.ca\/fr\/?page_id=150"},"modified":"2025-12-22T03:42:19","modified_gmt":"2025-12-22T03:42:19","slug":"prix","status":"publish","type":"page","link":"https:\/\/outremont.movingdowntown.ca\/fr\/prix\/","title":{"rendered":"Prix D\u00e9m\u00e9nagement Outremont"},"content":{"rendered":"<p>[et_pb_section fb_built=\u00a0\u00bb1&Prime; custom_padding=\u00a0\u00bb0px|0px|0px|0px\u00a0\u00bb _builder_version=\u00a0\u00bb3.0.69&Prime; background_image=\u00a0\u00bbhttps:\/\/outremont.movingdowntown.ca\/wp-content\/uploads\/2019\/09\/outremont_moving_.jpg\u00a0\u00bb background_size=\u00a0\u00bbinitial\u00a0\u00bb][et_pb_row custom_padding=\u00a0\u00bb|||\u00a0\u00bb custom_padding_phone=\u00a0\u00bb|||\u00a0\u00bb custom_margin=\u00a0\u00bb|||\u00a0\u00bb custom_padding_last_edited=\u00a0\u00bbon|desktop\u00a0\u00bb _builder_version=\u00a0\u00bb3.0.69&Prime; background_size=\u00a0\u00bbinitial\u00a0\u00bb background_position=\u00a0\u00bbtop_left\u00a0\u00bb background_repeat=\u00a0\u00bbrepeat\u00a0\u00bb][et_pb_column type=\u00a0\u00bb4_4&Prime; _builder_version=\u00a0\u00bb3.0.47&Prime; parallax=\u00a0\u00bboff\u00a0\u00bb parallax_method=\u00a0\u00bbon\u00a0\u00bb][et_pb_code max_width_last_edited=\u00a0\u00bbon|phone\u00a0\u00bb _builder_version=\u00a0\u00bb3.0.69&Prime;]&lt;p align=\u00a0\u00bbright\u00a0\u00bb&gt;&lt;a href=\u00a0\u00bb\/fr\/\/\u00a0\u00bb&gt;&lt;img src=\u00a0\u00bbhttps:\/\/outremont.movingdowntown.ca\/wp-content\/uploads\/2019\/09\/fr.png\u00a0\u00bb alt=\u00a0\u00bbfr\u00a0\u00bb title=\u00a0\u00bbFrancais\u00a0\u00bb&gt;&lt;\/a&gt;&nbsp;&lt;a href=\u00a0\u00bb\/price\/\u00a0\u00bb&gt;&lt;img src=\u00a0\u00bbhttps:\/\/outremont.movingdowntown.ca\/wp-content\/uploads\/2019\/09\/en.png\u00a0\u00bb alt=\u00a0\u00bben\u00a0\u00bb title=\u00a0\u00bbEnglish\u00a0\u00bb&gt;&lt;\/a&gt;&lt;\/p&gt;&lt;!&#8211; [et_pb_line_break_holder] &#8211;&gt; [\/et_pb_code][\/et_pb_column][\/et_pb_row][et_pb_row use_custom_width=\u00a0\u00bbon\u00a0\u00bb width_unit=\u00a0\u00bboff\u00a0\u00bb custom_padding=\u00a0\u00bb0px|||\u00a0\u00bb custom_margin=\u00a0\u00bb0px|||\u00a0\u00bb _builder_version=\u00a0\u00bb3.0.69&Prime; background_size=\u00a0\u00bbinitial\u00a0\u00bb background_position=\u00a0\u00bbtop_left\u00a0\u00bb background_repeat=\u00a0\u00bbrepeat\u00a0\u00bb][et_pb_column type=\u00a0\u00bb4_4&Prime; _builder_version=\u00a0\u00bb3.0.47&Prime; parallax=\u00a0\u00bboff\u00a0\u00bb parallax_method=\u00a0\u00bbon\u00a0\u00bb][et_pb_text background_layout=\u00a0\u00bbdark\u00a0\u00bb text_orientation=\u00a0\u00bbcenter\u00a0\u00bb admin_label=\u00a0\u00bbText\u00a0\u00bb _builder_version=\u00a0\u00bb3.0.69&Prime; header_font_size=\u00a0\u00bb69px\u00a0\u00bb header_font_size_tablet=\u00a0\u00bb94px\u00a0\u00bb header_font_size_phone=\u00a0\u00bb93px\u00a0\u00bb header_font_size_last_edited=\u00a0\u00bbon|phone\u00a0\u00bb background_size=\u00a0\u00bbinitial\u00a0\u00bb background_position=\u00a0\u00bbtop_left\u00a0\u00bb background_repeat=\u00a0\u00bbrepeat\u00a0\u00bb custom_margin=\u00a0\u00bb-15px|||\u00a0\u00bb custom_padding=\u00a0\u00bb|||\u00a0\u00bb]<\/p>\n<h1><span style=\"font-size: 54px;\"><span style=\"color: #000000; font-family: 'Times New Roman', Georgia, 'Times New Roman', serif; font-style: normal; font-variant-ligatures: normal; font-variant-caps: normal; letter-spacing: normal; text-align: left; text-indent: 0px; text-transform: none; white-space: normal; word-spacing: 0px; -webkit-text-stroke-width: 0px; background-color: #ffffff; opacity: 0.6; text-decoration-style: initial; text-decoration-color: initial; display: inline !important; float: none;\">Prix<\/span><\/span><\/h1>\n<p>[\/et_pb_text][\/et_pb_column][\/et_pb_row][\/et_pb_section][et_pb_section fb_built=\u00a0\u00bb1&Prime; specialty=\u00a0\u00bbon\u00a0\u00bb _builder_version=\u00a0\u00bb3.0.47&Prime;][et_pb_column type=\u00a0\u00bb3_4&Prime; specialty_columns=\u00a0\u00bb3&Prime; _builder_version=\u00a0\u00bb3.0.47&Prime;][et_pb_row_inner _builder_version=\u00a0\u00bb3.0.47&Prime;][et_pb_column_inner type=\u00a0\u00bb4_4&Prime; _builder_version=\u00a0\u00bb3.0.47&Prime; parallax=\u00a0\u00bboff\u00a0\u00bb parallax_method=\u00a0\u00bbon\u00a0\u00bb][et_pb_text admin_label=\u00a0\u00bbText\u00a0\u00bb _builder_version=\u00a0\u00bb3.0.69&Prime; text_font_size=\u00a0\u00bb16px\u00a0\u00bb text_font_size_tablet=\u00a0\u00bb15px\u00a0\u00bb text_font_size_phone=\u00a0\u00bb14&Prime; text_font_size_last_edited=\u00a0\u00bbon|desktop\u00a0\u00bb text_text_color=\u00a0\u00bb#0f0f0f\u00a0\u00bb background_size=\u00a0\u00bbinitial\u00a0\u00bb background_position=\u00a0\u00bbtop_left\u00a0\u00bb background_repeat=\u00a0\u00bbrepeat\u00a0\u00bb]<\/p>\n<h2><span class=\"tlid-translation translation\" style=\"color: #000000;\" lang=\"en\">Quel est le Prix de d\u00e9m\u00e9nagement \u00e0 Outremont?<\/span><\/h2>\n<p>C\u2019est la question la plus demand\u00e9e par les gens sur les r\u00e9seaux sociaux qui cherchet a demenager. Mais ils ne trouvent pas toujours une r\u00e9ponse \u00e0 leur question sur le co\u00fbt des d\u00e9m\u00e9nageurs dans leur r\u00e9gion.<\/p>\n<h4>Service de d\u00e9m\u00e9nagement local&nbsp;avant le 22 mai et apr\u00e8s le 5 juillet<\/h4>\n<p>Notre compagnie de d\u00e9m\u00e9nagement en dehors de la saison, offre:<\/p>\n<ul>\n<li>entre 30 $ et 40 $ par heure pour un d\u00e9m\u00e9nageur sans camion<\/li>\n<li>entre 55 $ et 75 $ par heure pour un d\u00e9m\u00e9nageur en tant que conducteur, avec un camion enti\u00e8rement \u00e9quip\u00e9<\/li>\n<li>entre 85 $ et 105 $ par heure pour deux d\u00e9m\u00e9nageurs avec un camion enti\u00e8rement \u00e9quip\u00e9<\/li>\n<li>entre 115 $ et 135 $ par heure pour trois d\u00e9m\u00e9nageurs avec un camion enti\u00e8rement \u00e9quip\u00e9<\/li>\n<\/ul>\n<h4>Prix de d\u00e9m\u00e9nagement apr\u00e8s le 22 mai et avant le 5 juillet:<\/h4>\n<ul>\n<li>entre 85 $ et 125 $ par heure pour un d\u00e9m\u00e9nageur en tant que conducteur, avec un camion enti\u00e8rement \u00e9quip\u00e9<\/li>\n<li>entre 115 $ et 245 $ par heure pour deux d\u00e9m\u00e9nageurs avec un camion enti\u00e8rement \u00e9quip\u00e9<\/li>\n<li>entre 125 $ et 295 $ par heure pour trois d\u00e9m\u00e9nageurs avec un camion enti\u00e8rement \u00e9quip\u00e9<\/li>\n<li><\/li>\n<\/ul>\n<p><span class=\"tlid-translation translation\" style=\"color: #000000;\" lang=\"en\"><span style=\"text-decoration: underline;\"> Pour chaque d\u00e9m\u00e9nagement, nous facturons un minimum de deux heures de travail plus une heure de d\u00e9placement. Cela, si le d\u00e9m\u00e9nagement se fait dans un rayon de 50 km autour du quartier Outremont de Montr\u00e9al<\/span>.Nous calculons une heure de d\u00e9placement comme 30 minutes pour aller au lieu de d\u00e9m\u00e9nagement et 30 minutes pour revenir au stationement une fois le d\u00e9m\u00e9nagement termin\u00e9.<\/span><\/p>\n<h4><span class=\"tlid-translation translation\" lang=\"en\">Le prix de d\u00e9m\u00e9nagement comprend:<\/span><\/h4>\n<p>1. Assurance cargo<br \/>\n2. Diff\u00e9rentes tailles de camions de 16 \u00e0 30 pieds<br \/>\n3. Tous nos camions sont enti\u00e8rement \u00e9quip\u00e9s: sangles, rubans, chariots multidirectionnels, couvertures, sacs pour matelas.<br \/>\n4. Housse de protection pour prot\u00e9ger le plancher de bois franc<br \/>\n5. On vous donne bo\u00eetes a garde-robe pour la journ\u00e9e de d\u00e9m\u00e9nagement<br \/>\n6. On d\u00e9monte et remonte tous vos meubles.<\/p>\n<p>Notre soci\u00e9t\u00e9 ne facture pas d\u2019argent suppl\u00e9mentaire pour les articles tels que miroirs, t\u00e9l\u00e9viseurs, verre, po\u00eale, r\u00e9frig\u00e9rateur, machine \u00e0 laver, etc. Nous facturons toutefois un suppl\u00e9ment pour les objets lourds tels deux d\u00e9m\u00e9nageurs ne peuvent pas soulever, soit: piano, table de billard&#8230;<\/p>\n<p><strong><span class=\"tlid-translation translation\" style=\"color: #000000;\" lang=\"en\">Rabais de d\u00e9m\u00e9nagement<\/span><\/strong><span class=\"tlid-translation translation\" style=\"color: #000000;\" lang=\"en\">:<\/span><\/p>\n<p><span class=\"tlid-translation translation\" style=\"color: #000000;\" lang=\"en\">1. pour chaque devis en ligne<\/span><\/p>\n<p><span class=\"tlid-translation translation\" style=\"color: #000000;\" lang=\"en\">2. pour les \u00e9tudiants<\/span><\/p>\n<p><span class=\"tlid-translation translation\" style=\"color: #000000;\" lang=\"en\">3. pour les personnes \u00e2g\u00e9es<\/span><\/p>\n<p><span class=\"tlid-translation translation\" style=\"color: #000000;\" lang=\"en\">4. pour chaque milieu du mois.<\/span><strong><span class=\"tlid-translation translation\" style=\"color: #000000;\" lang=\"en\"><br \/>\n<\/span><\/strong><\/p>\n<p><span class=\"tlid-translation translation\" style=\"color: #000000;\" lang=\"en\"><\/span><\/p>\n<h3><span class=\"tlid-translation translation\" style=\"color: #000000;\" lang=\"en\">Quel est le temps et le co\u00fbt du d\u00e9m\u00e9nagement d&rsquo;une maison<\/span><\/h3>\n<table style=\"height: 100px; width: 435px;\" cellspacing=\"0\" cellpadding=\"0\" border=\"1\" align=\"left\">\n<tbody>\n<tr>\n<td style=\"width: 154px;\"><span style=\"color: #000000;\"><strong>Grandeur maison\/app (chambre)<br \/>\n<\/strong><\/span><\/td>\n<td style=\"width: 4562.13px;\" valign=\"top\"><strong><span style=\"color: #000000;\">Type de d\u00e9m\u00e9nagement<br \/>\n<\/span><\/strong><\/td>\n<td style=\"width: 10px;\"><strong><span style=\"color: #000000;\">2 d\u00e9m\u00e9nageurs (heure)<\/span><br \/>\n<\/strong><\/td>\n<td style=\"width: 79px;\"><span style=\"color: #000000;\"><strong>3 <span>d\u00e9m\u00e9nageurs (heure)<\/span><\/strong><\/span><\/td>\n<\/tr>\n<tr>\n<td style=\"width: 154px;\">&nbsp;&nbsp;&nbsp;&nbsp;&nbsp;&nbsp;&nbsp;&nbsp; 1<\/td>\n<td style=\"width: 4562.13px;\" valign=\"top\">R\u00e9sidentiel<\/td>\n<td style=\"width: 10px;\">2-3<\/td>\n<td style=\"width: 79px;\">2<\/td>\n<\/tr>\n<tr>\n<td style=\"width: 154px;\">&nbsp;&nbsp;&nbsp;&nbsp;&nbsp;&nbsp;&nbsp;&nbsp; 2<\/td>\n<td style=\"width: 4562.13px;\" valign=\"top\">R\u00e9sidentiel<\/td>\n<td style=\"width: 10px;\">3-4<\/td>\n<td style=\"width: 79px;\">2-4<\/td>\n<\/tr>\n<tr>\n<td style=\"width: 154px;\">&nbsp;&nbsp;&nbsp;&nbsp;&nbsp;&nbsp;&nbsp;&nbsp; 3<\/td>\n<td style=\"width: 4562.13px;\" valign=\"top\">R\u00e9sidentiel<\/td>\n<td style=\"width: 10px;\">5-6<\/td>\n<td style=\"width: 79px;\">4-5<\/td>\n<\/tr>\n<tr>\n<td style=\"width: 154px;\">&nbsp;&nbsp;&nbsp;&nbsp;&nbsp;&nbsp;&nbsp;&nbsp; 4<\/td>\n<td style=\"width: 4562.13px;\" valign=\"top\">R\u00e9sidentiel<\/td>\n<td style=\"width: 10px;\">&nbsp;7-8<\/td>\n<td style=\"width: 79px;\">5-6<\/td>\n<\/tr>\n<tr>\n<td style=\"width: 154px;\">&nbsp;&nbsp;&nbsp;&nbsp;&nbsp;&nbsp;&nbsp;&nbsp; 5<\/td>\n<td style=\"width: 4562.13px;\" valign=\"top\">R\u00e9sidentiel<\/td>\n<td style=\"width: 10px;\">8-9<\/td>\n<td style=\"width: 79px;\">6-7<\/td>\n<\/tr>\n<tr>\n<td style=\"width: 154px;\">&nbsp;&nbsp;&nbsp;&nbsp;&nbsp;&nbsp;&nbsp;&nbsp; 6<\/td>\n<td style=\"width: 4562.13px;\" valign=\"top\">R\u00e9sidentiel<\/td>\n<td style=\"width: 10px;\"><span class=\"tlid-translation translation\" lang=\"en\"><span class=\"\" title=\"\">s\/o<\/span><\/span><\/td>\n<td style=\"width: 79px;\">8-9<\/td>\n<\/tr>\n<\/tbody>\n<\/table>\n<p>&nbsp;<\/p>\n<p>[\/et_pb_text][\/et_pb_column_inner][\/et_pb_row_inner][et_pb_row_inner _builder_version=\u00a0\u00bb3.0.47&Prime;][et_pb_column_inner type=\u00a0\u00bb4_4&Prime; _builder_version=\u00a0\u00bb3.0.47&Prime; parallax=\u00a0\u00bboff\u00a0\u00bb parallax_method=\u00a0\u00bbon\u00a0\u00bb][et_pb_text admin_label=\u00a0\u00bbText\u00a0\u00bb _builder_version=\u00a0\u00bb3.0.69&Prime; text_font_size=\u00a0\u00bb16px\u00a0\u00bb text_text_color=\u00a0\u00bb#0c0c0c\u00a0\u00bb background_size=\u00a0\u00bbinitial\u00a0\u00bb background_position=\u00a0\u00bbtop_left\u00a0\u00bb background_repeat=\u00a0\u00bbrepeat\u00a0\u00bb]<\/p>\n<h3>Facteurs qui peuvent influencer le co\u00fbt total de d\u00e9m\u00e9nagement:<\/h3>\n<p>La distance de d\u00e9placement entre l&rsquo;adresse de d\u00e9part et de destination.<br \/>\nLa taille du logement et le nombre de d\u00e9m\u00e9nageurs.<br \/>\nL&rsquo;\u00e9tage et la pr\u00e9sence d&rsquo;un ascenseur<br \/>\nLa saison du d\u00e9m\u00e9nagement<\/p>\n<p>Nous conseillons de prendre trois d\u00e9m\u00e9nageurs si le maison a plus que de deux chambres \u00e0 coucher. Ainsi, on va \u00e9conomiser le temps de d\u00e9m\u00e9nagement et le co\u00fbt sera le m\u00eame ou moins cher qu&rsquo;avec deux d\u00e9m\u00e9nageurs.<\/p>\n<h3><span class=\"tlid-translation translation\" style=\"color: #000000;\" lang=\"en\"><span class=\"\" title=\"\"><span class=\"tlid-translation translation\" lang=\"en\">L&#8217;emballage<br \/>\n<\/span><\/span><\/span><\/h3>\n<p><span>Nos d\u00e9m\u00e9nageurs sont qualifi\u00e9s pour emballer soigneusement vos biens. Nous ne facturons pas d&rsquo;argent suppl\u00e9mentaire pour l&#8217;emballage. Si l&#8217;emballage doit \u00eatre fait en m\u00eame temps que le d\u00e9m\u00e9nagement, alors le prix d&#8217;emballage sera inclus dans le prix du d\u00e9m\u00e9nagement. Si l&#8217;emballage est effectu\u00e9 dans des jours diff\u00e9rents du d\u00e9m\u00e9nagement, le prix de l&#8217;emballage sera moins ch\u00e8re, car vous ne payez pas le camion.<\/span><\/p>\n<p>[\/et_pb_text][et_pb_text _builder_version=\u00a0\u00bb3.0.69&Prime;]<\/p>\n<h3><\/h3>\n<h3><\/h3>\n<h3>Appeler D\u00e9m\u00e9nagement Outremont au 438-931-9272<\/h3>\n<p>[\/et_pb_text][\/et_pb_column_inner][\/et_pb_row_inner][\/et_pb_column][et_pb_column type=\u00a0\u00bb1_4&Prime; _builder_version=\u00a0\u00bb3.0.47&Prime;][et_pb_code _builder_version=\u00a0\u00bb3.0.69&Prime;]&lt;form  id=\u00a0\u00bbcontact\u00a0\u00bb action=\u00a0\u00bb\/wp-content\/themes\/Divi\/mail.php\u00a0\u00bb method=\u00a0\u00bbpost\u00a0\u00bb&gt;&lt;!&#8211; [et_pb_line_break_holder] &#8211;&gt;&lt;h3&gt; Estimation d\u00e9m\u00e9nagement 24H&lt;\/h3&gt;&lt;!&#8211; [et_pb_line_break_holder] &#8211;&gt;&lt;!&#8211; [et_pb_line_break_holder] &#8211;&gt;\t&lt;a&gt;&lt;label for=\u00a0\u00bbname\u00a0\u00bb&gt;Date&lt;\/label&gt;&lt;br&gt;&lt;input type=\u00a0\u00bbdate\u00a0\u00bb name=\u00a0\u00bbname\u00a0\u00bb id=\u00a0\u00bbname\u00a0\u00bb placeholder=\u00a0\u00bbdd\/mm\/yyyy\u00a0\u00bb required=\u00a0\u00bb\u00a0\u00bb&gt;&lt;!&#8211; [et_pb_line_break_holder] &#8211;&gt;\t&lt;!&#8211; [et_pb_line_break_holder] &#8211;&gt;\t&lt;p&gt;&lt;label for=\u00a0\u00bburl\u00a0\u00bb&gt;Type de D\u00e9m\u00e9nagement&lt;\/label&gt;&lt;br&gt;&lt;!&#8211; [et_pb_line_break_holder] &#8211;&gt;\t&lt;select name=\u00a0\u00bbtype\u00a0\u00bb  id=\u00a0\u00bburl\u00a0\u00bb required=\u00a0\u00bb\u00a0\u00bb&gt;&lt;option value=\u00a0\u00bb\u00a0\u00bb disabled=\u00a0\u00bb\u00a0\u00bb selected=\u00a0\u00bb\u00a0\u00bb&gt;Choisir option&lt;\/option&gt;&lt;option value=\u00a0\u00bbResidential Moving\u00a0\u00bb&gt;D\u00e9m\u00e9nagement r\u00e9sidentiel&lt;\/option&gt;&lt;option value=\u00a0\u00bbCommercial Moving\u00a0\u00bb&gt;D\u00e9m\u00e9nagement commercial&lt;\/option&gt;&lt;option value=\u00a0\u00bbIndustrial Moving\u00a0\u00bb&gt;D\u00e9m\u00e9nagement industriel&lt;\/option&gt;&lt;option value=\u00a0\u00bbPiano Moving\u00a0\u00bb&gt;D\u00e9m\u00e9nagement Piano&lt;\/option&gt;&lt;option value=\u00a0\u00bbBilliard Moving\u00a0\u00bb&gt;D\u00e9m\u00e9nagement Billiard &lt;\/option&gt;&lt;option value=\u00a0\u00bbDelivery\u00a0\u00bb&gt;Livraison&lt;\/option&gt;&lt;option value=\u00a0\u00bbStorage\u00a0\u00bb&gt;Entreposage&lt;\/option&gt;&lt;option value=\u00a0\u00bbFurniture Assembly\u00a0\u00bb&gt;Assemblage de meubles&lt;\/option&gt;&lt;option value=\u00a0\u00bbKitchen Assembly\u00a0\u00bb&gt;Assemblage de cuisine&lt;\/option&gt;&lt;\/select&gt;&lt;\/p&gt;&lt;!&#8211; [et_pb_line_break_holder] &#8211;&gt;&lt;!&#8211; [et_pb_line_break_holder] &#8211;&gt;&lt;div&gt;&lt;label for=\u00a0\u00bbauthor\u00a0\u00bb&gt;Adresse et Code Postal&lt;\/label&gt;&lt;br&gt;&lt;input type=\u00a0\u00bbtext\u00a0\u00bb name=\u00a0\u00bbdeparture\u00a0\u00bb id=\u00a0\u00bbdeparture\u00a0\u00bb placeholder=\u00a0\u00bbAdresse de d\u00e9part\u00a0\u00bb required=\u00a0\u00bb\u00a0\u00bb&gt;&lt;\/div&gt;&lt;!&#8211; [et_pb_line_break_holder] &#8211;&gt;&lt;!&#8211; [et_pb_line_break_holder] &#8211;&gt;&lt;div&gt;&lt;!&#8211; [et_pb_line_break_holder] &#8211;&gt;&lt;input type=\u00a0\u00bbradio\u00a0\u00bb class=\u00a0\u00bbname1&Prime; value=\u00a0\u00bbApartment\u00a0\u00bb id=\u00a0\u00bbtype\u00a0\u00bb name=\u00a0\u00bbname1&Prime;&gt;&lt;!&#8211; [et_pb_line_break_holder] &#8211;&gt;&lt;label class=\u00a0\u00bbvfb-choice\u00a0\u00bb for=\u00a0\u00bb0&Prime;&gt;Appartement&lt;\/label&lt;!&#8211; [et_pb_line_break_holder] &#8211;&gt;\t&gt;&lt;!&#8211; [et_pb_line_break_holder] &#8211;&gt;&lt;input type=\u00a0\u00bbradio\u00a0\u00bb class=\u00a0\u00bbname1 \u00a0\u00bb value=\u00a0\u00bbHouse\u00a0\u00bb id=\u00a0\u00bbtype1&Prime; name=\u00a0\u00bbname1&Prime;&gt;&lt;!&#8211; [et_pb_line_break_holder] &#8211;&gt;&lt;label class=\u00a0\u00bbvfb-choice\u00a0\u00bb for=\u00a0\u00bb2&Prime;&gt;Maison&lt;\/label&gt;&lt;!&#8211; [et_pb_line_break_holder] &#8211;&gt;&lt;input type=\u00a0\u00bbradio\u00a0\u00bb class=\u00a0\u00bbname1 \u00a0\u00bb value=\u00a0\u00bbOffice\u00a0\u00bb id=\u00a0\u00bbtype2&Prime; name=\u00a0\u00bbname1&Prime;&gt;&lt;!&#8211; [et_pb_line_break_holder] &#8211;&gt;&lt;label class=\u00a0\u00bbvfb-choice\u00a0\u00bb for=\u00a0\u00bb3&Prime;&gt;Bureau&lt;\/label&gt;&lt;!&#8211; [et_pb_line_break_holder] &#8211;&gt;&lt;div style=\u00a0\u00bbclear:both\u00a0\u00bb&gt;&lt;!&#8211; [et_pb_line_break_holder] &#8211;&gt;&lt;\/div&gt;&lt;!&#8211; [et_pb_line_break_holder] &#8211;&gt;&lt;\/div&gt;&lt;!&#8211; [et_pb_line_break_holder] &#8211;&gt;&lt;p&gt;&lt;a&gt;&lt;select name=\u00a0\u00bbsize\u00a0\u00bb  id=\u00a0\u00bbsize\u00a0\u00bb required=\u00a0\u00bb\u00a0\u00bb&gt;&lt;option value=\u00a0\u00bb\u00a0\u00bb disabled=\u00a0\u00bb\u00a0\u00bb selected=\u00a0\u00bb\u00a0\u00bb&gt;Choisir grandeur&lt;\/option&gt;&lt;option value=\u00a0\u00bb1-1\/2&Prime;&gt;1-1\/2&lt;\/option&gt;&lt;option value=\u00a0\u00bb2-1\/2&Prime;&gt;2-1\/2&lt;\/option&gt;&lt;option value=\u00a0\u00bb3-1\/2&Prime;&gt;3-1\/2&lt;\/option&gt;&lt;option value=\u00a0\u00bb4-1\/2&Prime;&gt;4-1\/2&lt;\/option&gt;&lt;option value=\u00a0\u00bb5-1\/2&Prime;&gt;5-1\/2&lt;\/option&gt;&lt;option value=\u00a0\u00bb6-1\/2&Prime;&gt;6-1\/2&lt;\/option&gt;&lt;option value=\u00a0\u00bb7-1\/2&Prime;&gt;7-1\/2&lt;\/option&gt;&lt;option value=\u00a0\u00bb8-1\/2&Prime;&gt;8-1\/2&lt;\/option&gt;&lt;\/select&gt;&lt;\/a&gt;&lt;!&#8211; [et_pb_line_break_holder] &#8211;&gt;\t&lt;a&gt;&lt;select name=\u00a0\u00bbsub1&Prime;  id=\u00a0\u00bbsub1&Prime; required=\u00a0\u00bb\u00a0\u00bb&gt;&lt;option value=\u00a0\u00bb\u00a0\u00bb disabled=\u00a0\u00bb\u00a0\u00bb selected=\u00a0\u00bb\u00a0\u00bb&gt;Choisir \u00e9tage&lt;\/option&gt;&lt;option value=\u00a0\u00bbBasement\u00a0\u00bb&gt;Sous-sol&lt;\/option&gt;&lt;option value=\u00a0\u00bbGround\u00a0\u00bb&gt;Rez de chauss\u00e9e&lt;\/option&gt;&lt;option value=\u00a0\u00bbSecond\u00a0\u00bb&gt;Premi\u00e8re&lt;\/option&gt;&lt;option value=\u00a0\u00bbSecond\u00a0\u00bb&gt;Deuxi\u00e8me&lt;\/option&gt;&lt;option value=\u00a0\u00bbThird\u00a0\u00bb&gt;Troisi\u00e8me&lt;\/option&gt;&lt;option value=\u00a0\u00bbFourth\u00a0\u00bb&gt;Quatri\u00e8me&lt;\/option&gt;&lt;option value=\u00a0\u00bbElevator\u00a0\u00bb&gt;Ascenseur&lt;\/option&gt;&lt;\/select&gt;&lt;\/a&gt;&lt;\/p&gt;&lt;!&#8211; [et_pb_line_break_holder] &#8211;&gt;&lt;!&#8211; [et_pb_line_break_holder] &#8211;&gt;&lt;div&gt;&lt;a&gt;&lt;label for=\u00a0\u00bbarrival\u00a0\u00bb&gt;Adresse et Code Postal&lt;\/label&gt;&lt;br&gt;&lt;input type=\u00a0\u00bbtext\u00a0\u00bb name=\u00a0\u00bbarrival\u00a0\u00bb id=\u00a0\u00bbarrival\u00a0\u00bb placeholder=\u00a0\u00bbAdresse d&rsquo;arriv\u00e9e\u00a0\u00bb required=\u00a0\u00bb\u00a0\u00bb&gt;&lt;\/a&gt;&lt;\/div&gt;&lt;!&#8211; [et_pb_line_break_holder] &#8211;&gt;&lt;!&#8211; [et_pb_line_break_holder] &#8211;&gt;&lt;div&gt;&lt;select name=\u00a0\u00bbsub\u00a0\u00bb id=\u00a0\u00bbsub\u00a0\u00bb required=\u00a0\u00bb\u00a0\u00bb&gt;&lt;option value=\u00a0\u00bb\u00a0\u00bb disabled=\u00a0\u00bb\u00a0\u00bb selected=\u00a0\u00bb\u00a0\u00bb&gt;Choisir \u00e9tage&lt;\/option&gt;&lt;option value=\u00a0\u00bbBasement\u00a0\u00bb&gt;Sous-sol&lt;\/option&gt;&lt;option value=\u00a0\u00bbGround\u00a0\u00bb&gt;Rez de chauss\u00e9e&lt;\/option&gt;&lt;option value=\u00a0\u00bbSecond\u00a0\u00bb&gt;Premi\u00e8re&lt;\/option&gt;&lt;option value=\u00a0\u00bbSecond\u00a0\u00bb&gt;Deuxi\u00e8me&lt;\/option&gt;&lt;option value=\u00a0\u00bbThird\u00a0\u00bb&gt;Troisi\u00e8me&lt;\/option&gt;&lt;option value=\u00a0\u00bbFourth\u00a0\u00bb&gt;Quatri\u00e8me&lt;\/option&gt;&lt;option value=\u00a0\u00bbElevator\u00a0\u00bb&gt;Ascenseur&lt;\/option&gt;&lt;\/select&gt;&lt;!&#8211; [et_pb_line_break_holder] &#8211;&gt;&lt;\/div&gt;&lt;!&#8211; [et_pb_line_break_holder] &#8211;&gt;&lt;!&#8211; [et_pb_line_break_holder] &#8211;&gt;&lt;div&gt;&lt;input type=\u00a0\u00bbemail\u00a0\u00bb name=\u00a0\u00bbemail\u00a0\u00bb  id=\u00a0\u00bbemail\u00a0\u00bb placeholder=\u00a0\u00bbE-@mail.com\u00a0\u00bb required=\u00a0\u00bb\u00a0\u00bb&gt;&lt;\/div&gt;&lt;!&#8211; [et_pb_line_break_holder] &#8211;&gt;\t&lt;div&gt; &lt;input type=\u00a0\u00bbtext\u00a0\u00bb name=\u00a0\u00bbtel\u00a0\u00bb id=\u00a0\u00bbtel\u00a0\u00bb placeholder=\u00a0\u00bbNum\u00e9ro de t\u00e9l\u00e9phone\u00a0\u00bb required=\u00a0\u00bb\u00a0\u00bb&gt;&lt;\/div&gt;&lt;!&#8211; [et_pb_line_break_holder] &#8211;&gt;\t&lt;div&gt;&lt;textarea name=\u00a0\u00bbmessage\u00a0\u00bb cols=\u00a0\u00bb20&Prime; rows=\u00a0\u00bb3&Prime;  id=\u00a0\u00bbcomment\u00a0\u00bb placeholder=\u00a0\u00bbMessage\u00a0\u00bb required=\u00a0\u00bb\u00a0\u00bb&gt;&lt;\/textarea&gt;&lt;\/div&gt;&lt;\/a&gt;&lt;!&#8211; [et_pb_line_break_holder] &#8211;&gt;&lt;!&#8211; [et_pb_line_break_holder] &#8211;&gt;&lt;div class=\u00a0\u00bbw0&Prime;&gt;&lt;textarea id=\u00a0\u00bbmessage1&Prime; class=\u00a0\u00bbw100 border\u00a0\u00bb name=\u00a0\u00bbmessage1&Prime; rows=\u00a0\u00bb5&Prime;&gt;&lt;\/textarea&gt;&lt;!&#8211; [et_pb_line_break_holder] &#8211;&gt;&lt;input id=\u00a0\u00bbcheck\u00a0\u00bb name=\u00a0\u00bbcheck\u00a0\u00bb type=\u00a0\u00bbtext\u00a0\u00bb value=\u00a0\u00bb\u00a0\u00bb \/&gt;&lt;\/div&gt;&lt;!&#8211; [et_pb_line_break_holder] &#8211;&gt;&lt;input id=\u00a0\u00bbsubmit\u00a0\u00bb type=\u00a0\u00bbsubmit\u00a0\u00bb value=\u00a0\u00bbEnvoyer\u00a0\u00bb onclick=\u00a0\u00bbdocument.getElementById(&lsquo;check&rsquo;).value = &lsquo;stopSpam&rsquo;;\u00a0\u00bb \/&gt;&lt;!&#8211; [et_pb_line_break_holder] &#8211;&gt;&lt;div id=\u00a0\u00bbnote\u00a0\u00bb&gt;&lt;\/div&gt;&lt;!&#8211; [et_pb_line_break_holder] &#8211;&gt;&lt;div id=\u00a0\u00bbfields\u00a0\u00bb&gt;&lt;\/div&gt;&lt;!&#8211; [et_pb_line_break_holder] &#8211;&gt;&lt;\/form&gt;&lt;!&#8211; [et_pb_line_break_holder] &#8211;&gt;&lt;!&#8211; [et_pb_line_break_holder] &#8211;&gt;&lt;!&#8211; [et_pb_line_break_holder] &#8211;&gt;&lt;!&#8211; [et_pb_line_break_holder] &#8211;&gt;&lt;!&#8211; [et_pb_line_break_holder] &#8211;&gt;&lt;!&#8211; [et_pb_line_break_holder] &#8211;&gt;&lt;!&#8211; [et_pb_line_break_holder] &#8211;&gt;[\/et_pb_code][et_pb_comments _builder_version=\u00a0\u00bb3.0.69&Prime;][\/et_pb_comments][\/et_pb_column][\/et_pb_section]<\/p>\n","protected":false},"excerpt":{"rendered":"<p>[et_pb_section fb_built=\u00a0\u00bb1&Prime; custom_padding=\u00a0\u00bb0px|0px|0px|0px\u00a0\u00bb _builder_version=\u00a0\u00bb3.0.69&Prime; background_image=\u00a0\u00bbhttps:\/\/outremont.movingdowntown.ca\/wp-content\/uploads\/2019\/09\/outremont_moving_.jpg\u00a0\u00bb background_size=\u00a0\u00bbinitial\u00a0\u00bb][et_pb_row custom_padding=\u00a0\u00bb|||\u00a0\u00bb custom_padding_phone=\u00a0\u00bb|||\u00a0\u00bb custom_margin=\u00a0\u00bb|||\u00a0\u00bb custom_padding_last_edited=\u00a0\u00bbon|desktop\u00a0\u00bb _builder_version=\u00a0\u00bb3.0.69&Prime; background_size=\u00a0\u00bbinitial\u00a0\u00bb background_position=\u00a0\u00bbtop_left\u00a0\u00bb background_repeat=\u00a0\u00bbrepeat\u00a0\u00bb][et_pb_column type=\u00a0\u00bb4_4&Prime; _builder_version=\u00a0\u00bb3.0.47&Prime; parallax=\u00a0\u00bboff\u00a0\u00bb parallax_method=\u00a0\u00bbon\u00a0\u00bb][et_pb_code max_width_last_edited=\u00a0\u00bbon|phone\u00a0\u00bb _builder_version=\u00a0\u00bb3.0.69&Prime;]&lt;p align=\u00a0\u00bbright\u00a0\u00bb&gt;&lt;a href=\u00a0\u00bb\/fr\/\/\u00a0\u00bb&gt;&lt;img src=\u00a0\u00bbhttps:\/\/outremont.movingdowntown.ca\/wp-content\/uploads\/2019\/09\/fr.png\u00a0\u00bb alt=\u00a0\u00bbfr\u00a0\u00bb title=\u00a0\u00bbFrancais\u00a0\u00bb&gt;&lt;\/a&gt;&nbsp;&lt;a href=\u00a0\u00bb\/price\/\u00a0\u00bb&gt;&lt;img src=\u00a0\u00bbhttps:\/\/outremont.movingdowntown.ca\/wp-content\/uploads\/2019\/09\/en.png\u00a0\u00bb alt=\u00a0\u00bben\u00a0\u00bb title=\u00a0\u00bbEnglish\u00a0\u00bb&gt;&lt;\/a&gt;&lt;\/p&gt;&lt;!&#8211; [et_pb_line_break_holder] &#8211;&gt; [\/et_pb_code][\/et_pb_column][\/et_pb_row][et_pb_row use_custom_width=\u00a0\u00bbon\u00a0\u00bb width_unit=\u00a0\u00bboff\u00a0\u00bb custom_padding=\u00a0\u00bb0px|||\u00a0\u00bb custom_margin=\u00a0\u00bb0px|||\u00a0\u00bb _builder_version=\u00a0\u00bb3.0.69&Prime; background_size=\u00a0\u00bbinitial\u00a0\u00bb background_position=\u00a0\u00bbtop_left\u00a0\u00bb background_repeat=\u00a0\u00bbrepeat\u00a0\u00bb][et_pb_column type=\u00a0\u00bb4_4&Prime; _builder_version=\u00a0\u00bb3.0.47&Prime; parallax=\u00a0\u00bboff\u00a0\u00bb parallax_method=\u00a0\u00bbon\u00a0\u00bb][et_pb_text background_layout=\u00a0\u00bbdark\u00a0\u00bb text_orientation=\u00a0\u00bbcenter\u00a0\u00bb admin_label=\u00a0\u00bbText\u00a0\u00bb _builder_version=\u00a0\u00bb3.0.69&Prime; header_font_size=\u00a0\u00bb69px\u00a0\u00bb header_font_size_tablet=\u00a0\u00bb94px\u00a0\u00bb header_font_size_phone=\u00a0\u00bb93px\u00a0\u00bb header_font_size_last_edited=\u00a0\u00bbon|phone\u00a0\u00bb background_size=\u00a0\u00bbinitial\u00a0\u00bb background_position=\u00a0\u00bbtop_left\u00a0\u00bb background_repeat=\u00a0\u00bbrepeat\u00a0\u00bb [&hellip;]<\/p>\n","protected":false},"author":1,"featured_media":0,"parent":0,"menu_order":4,"comment_status":"closed","ping_status":"closed","template":"","meta":[],"_links":{"self":[{"href":"https:\/\/outremont.movingdowntown.ca\/fr\/wp-json\/wp\/v2\/pages\/150"}],"collection":[{"href":"https:\/\/outremont.movingdowntown.ca\/fr\/wp-json\/wp\/v2\/pages"}],"about":[{"href":"https:\/\/outremont.movingdowntown.ca\/fr\/wp-json\/wp\/v2\/types\/page"}],"author":[{"embeddable":true,"href":"https:\/\/outremont.movingdowntown.ca\/fr\/wp-json\/wp\/v2\/users\/1"}],"replies":[{"embeddable":true,"href":"https:\/\/outremont.movingdowntown.ca\/fr\/wp-json\/wp\/v2\/comments?post=150"}],"version-history":[{"count":0,"href":"https:\/\/outremont.movingdowntown.ca\/fr\/wp-json\/wp\/v2\/pages\/150\/revisions"}],"wp:attachment":[{"href":"https:\/\/outremont.movingdowntown.ca\/fr\/wp-json\/wp\/v2\/media?parent=150"}],"curies":[{"name":"wp","href":"https:\/\/api.w.org\/{rel}","templated":true}]}}