{"id":138,"date":"2019-10-04T20:11:51","date_gmt":"2019-10-04T20:11:51","guid":{"rendered":"https:\/\/outremont.movingdowntown.ca\/fr\/?page_id=138"},"modified":"2025-12-22T03:43:23","modified_gmt":"2025-12-22T03:43:23","slug":"contact","status":"publish","type":"page","link":"https:\/\/outremont.movingdowntown.ca\/fr\/contact\/","title":{"rendered":"Contact D\u00e9m\u00e9nagement Outremont"},"content":{"rendered":"<p>[et_pb_section fb_built=\u00a0\u00bb1&Prime; custom_padding=\u00a0\u00bb0px|0px|0px|0px\u00a0\u00bb _builder_version=\u00a0\u00bb3.0.69&Prime; background_image=\u00a0\u00bbhttps:\/\/outremont.movingdowntown.ca\/wp-content\/uploads\/2019\/09\/outremont_moving_.jpg\u00a0\u00bb background_size=\u00a0\u00bbinitial\u00a0\u00bb][et_pb_row custom_padding=\u00a0\u00bb|||\u00a0\u00bb custom_padding_phone=\u00a0\u00bb|||\u00a0\u00bb custom_margin=\u00a0\u00bb|||\u00a0\u00bb custom_padding_last_edited=\u00a0\u00bbon|desktop\u00a0\u00bb _builder_version=\u00a0\u00bb3.0.69&Prime; background_size=\u00a0\u00bbinitial\u00a0\u00bb background_position=\u00a0\u00bbtop_left\u00a0\u00bb background_repeat=\u00a0\u00bbrepeat\u00a0\u00bb][et_pb_column type=\u00a0\u00bb4_4&Prime; _builder_version=\u00a0\u00bb3.0.47&Prime; parallax=\u00a0\u00bboff\u00a0\u00bb parallax_method=\u00a0\u00bbon\u00a0\u00bb][et_pb_code max_width_last_edited=\u00a0\u00bbon|phone\u00a0\u00bb _builder_version=\u00a0\u00bb3.0.69&Prime;]&lt;p align=\u00a0\u00bbright\u00a0\u00bb&gt;&lt;a href=\u00a0\u00bb\/fr\/\u00a0\u00bb&gt;&lt;img src=\u00a0\u00bbhttps:\/\/outremont.movingdowntown.ca\/wp-content\/uploads\/2019\/09\/fr.png\u00a0\u00bb alt=\u00a0\u00bbfr\u00a0\u00bb title=\u00a0\u00bbFrancais\u00a0\u00bb&gt;&lt;\/a&gt;&nbsp;&lt;a href=\u00a0\u00bb\/contact\/\u00a0\u00bb&gt;&lt;img src=\u00a0\u00bbhttps:\/\/outremont.movingdowntown.ca\/wp-content\/uploads\/2019\/09\/en.png\u00a0\u00bb alt=\u00a0\u00bben\u00a0\u00bb title=\u00a0\u00bbEnglish\u00a0\u00bb&gt;&lt;\/a&gt;&lt;\/p&gt;&lt;!&#8211; [et_pb_line_break_holder] &#8211;&gt; [\/et_pb_code][\/et_pb_column][\/et_pb_row][et_pb_row use_custom_width=\u00a0\u00bbon\u00a0\u00bb width_unit=\u00a0\u00bboff\u00a0\u00bb custom_padding=\u00a0\u00bb0px|||\u00a0\u00bb custom_margin=\u00a0\u00bb0px|||\u00a0\u00bb _builder_version=\u00a0\u00bb3.0.69&Prime; background_size=\u00a0\u00bbinitial\u00a0\u00bb background_position=\u00a0\u00bbtop_left\u00a0\u00bb background_repeat=\u00a0\u00bbrepeat\u00a0\u00bb][et_pb_column type=\u00a0\u00bb4_4&Prime; _builder_version=\u00a0\u00bb3.0.47&Prime; parallax=\u00a0\u00bboff\u00a0\u00bb parallax_method=\u00a0\u00bbon\u00a0\u00bb][et_pb_text background_layout=\u00a0\u00bbdark\u00a0\u00bb text_orientation=\u00a0\u00bbcenter\u00a0\u00bb admin_label=\u00a0\u00bbText\u00a0\u00bb _builder_version=\u00a0\u00bb3.0.69&Prime; header_font_size=\u00a0\u00bb69px\u00a0\u00bb header_font_size_tablet=\u00a0\u00bb95px\u00a0\u00bb header_font_size_phone=\u00a0\u00bb91px\u00a0\u00bb header_font_size_last_edited=\u00a0\u00bbon|phone\u00a0\u00bb background_size=\u00a0\u00bbinitial\u00a0\u00bb background_position=\u00a0\u00bbtop_left\u00a0\u00bb background_repeat=\u00a0\u00bbrepeat\u00a0\u00bb custom_margin=\u00a0\u00bb-15px|||\u00a0\u00bb custom_padding=\u00a0\u00bb|||\u00a0\u00bb]<\/p>\n<h1><span style=\"font-size: 54px;\"><span style=\"color: #000000; font-family: 'Times New Roman', Georgia, 'Times New Roman', serif; font-style: normal; font-variant-ligatures: normal; font-variant-caps: normal; letter-spacing: normal; text-align: left; text-indent: 0px; text-transform: none; white-space: normal; word-spacing: 0px; -webkit-text-stroke-width: 0px; background-color: #ffffff; opacity: 0.6; text-decoration-style: initial; text-decoration-color: initial; display: inline !important; float: none;\">Contact<\/span><\/span><\/h1>\n<p>[\/et_pb_text][\/et_pb_column][\/et_pb_row][\/et_pb_section][et_pb_section fb_built=\u00a0\u00bb1&Prime; custom_padding=\u00a0\u00bb|||\u00a0\u00bb custom_padding_tablet=\u00a0\u00bb|||\u00a0\u00bb fullwidth=\u00a0\u00bbon\u00a0\u00bb custom_padding_last_edited=\u00a0\u00bbon|desktop\u00a0\u00bb _builder_version=\u00a0\u00bb3.0.69&Prime;][et_pb_fullwidth_slider remove_inner_shadow=\u00a0\u00bbon\u00a0\u00bb top_padding=\u00a0\u00bb10px\u00a0\u00bb bottom_padding=\u00a0\u00bb10px\u00a0\u00bb top_padding_tablet=\u00a0\u00bb0%\u00a0\u00bb top_padding_phone=\u00a0\u00bb0%\u00a0\u00bb top_padding_last_edited=\u00a0\u00bbon|phone\u00a0\u00bb admin_label=\u00a0\u00bbFullwidth Slider\u00a0\u00bb _builder_version=\u00a0\u00bb3.0.69&Prime; header_font=\u00a0\u00bbRoboto|on|||\u00a0\u00bb header_font_size=\u00a0\u00bb23px\u00a0\u00bb header_font_size_tablet=\u00a0\u00bb18px\u00a0\u00bb header_font_size_last_edited=\u00a0\u00bbon|phone\u00a0\u00bb header_line_height=\u00a0\u00bb1.8em\u00a0\u00bb][et_pb_slide heading=\u00a0\u00bbContactez D\u00e9m\u00e9nagement Outremont pour avoir le meilleur prix de d\u00e9m\u00e9nagement \u00e0 Montr\u00e9al!\u00a0\u00bb button_text=\u00a0\u00bbQuick Estimation\u00a0\u00bb button_link=\u00a0\u00bbhttps:\/\/outremont.movingdowntown.ca\/estimation\/\u00a0\u00bb image=\u00a0\u00bbhttps:\/\/outremont.movingdowntown.ca\/wp-content\/uploads\/2019\/09\/contact_outremont.jpg\u00a0\u00bb background_layout=\u00a0\u00bblight\u00a0\u00bb _builder_version=\u00a0\u00bb3.0.47&Prime; header_font_size_last_edited=\u00a0\u00bbon|desktop\u00a0\u00bb header_text_color=\u00a0\u00bb#161616&Prime;]<\/p>\n<p style=\"text-align: left;\"><strong>Emplacement:<\/strong> Outremont,&nbsp; Montreal, Quebec, Canada<\/p>\n<p>&nbsp;<\/p>\n<p style=\"text-align: left;\"><strong>T\u00e9l\u00e9phone:<\/strong>&nbsp; &nbsp;+1 (438) 931-9272<\/p>\n<p>&nbsp;<\/p>\n<p style=\"text-align: left;\"><strong>Heures de travail:<\/strong><\/p>\n<p><span>&nbsp;<\/span>8:00h-18:30h Lundi-Vendredi, 9:00h-17:00h Samedi-Dimanche<\/p>\n<p>[\/et_pb_slide][\/et_pb_fullwidth_slider][\/et_pb_section][et_pb_section fb_built=\u00a0\u00bb1&Prime; background_color=\u00a0\u00bb#27c9b8&Prime; _builder_version=\u00a0\u00bb3.0.47&Prime;][et_pb_row _builder_version=\u00a0\u00bb3.0.47&Prime; background_size=\u00a0\u00bbinitial\u00a0\u00bb background_position=\u00a0\u00bbtop_left\u00a0\u00bb background_repeat=\u00a0\u00bbrepeat\u00a0\u00bb][et_pb_column type=\u00a0\u00bb4_4&Prime; _builder_version=\u00a0\u00bb3.0.47&Prime; parallax=\u00a0\u00bboff\u00a0\u00bb parallax_method=\u00a0\u00bbon\u00a0\u00bb][et_pb_cta button_url=\u00a0\u00bbhttps:\/\/movingdowntown.ca\/fr\/\u00a0\u00bb button_text=\u00a0\u00bbD\u00e9m\u00e9nagez avec Nous\u00a0\u00bb use_background_color=\u00a0\u00bboff\u00a0\u00bb admin_label=\u00a0\u00bbCall To Action\u00a0\u00bb _builder_version=\u00a0\u00bb3.0.69&Prime; background_size=\u00a0\u00bbinitial\u00a0\u00bb background_position=\u00a0\u00bbtop_left\u00a0\u00bb background_repeat=\u00a0\u00bbrepeat\u00a0\u00bb]<\/p>\n<h1>D\u00e9m\u00e9nager a Outremont n&rsquo;a jamais \u00e9t\u00e9 aussi facile!<\/h1>\n<p>[\/et_pb_cta][\/et_pb_column][\/et_pb_row][\/et_pb_section][et_pb_section fb_built=\u00a0\u00bb1&Prime; background_color=\u00a0\u00bb#22262e\u00a0\u00bb _builder_version=\u00a0\u00bb3.0.47&Prime; parallax=\u00a0\u00bbon\u00a0\u00bb][et_pb_row _builder_version=\u00a0\u00bb3.0.47&Prime; background_size=\u00a0\u00bbinitial\u00a0\u00bb background_position=\u00a0\u00bbtop_left\u00a0\u00bb background_repeat=\u00a0\u00bbrepeat\u00a0\u00bb][et_pb_column type=\u00a0\u00bb1_4&Prime; _builder_version=\u00a0\u00bb3.0.47&Prime; parallax=\u00a0\u00bboff\u00a0\u00bb parallax_method=\u00a0\u00bbon\u00a0\u00bb][et_pb_number_counter title=\u00a0\u00bbD\u00e9m\u00e9nagements\u00a0\u00bb number=\u00a0\u00bb10777&Prime; percent_sign=\u00a0\u00bboff\u00a0\u00bb counter_color=\u00a0\u00bb#815ab4&Prime; background_layout=\u00a0\u00bbdark\u00a0\u00bb admin_label=\u00a0\u00bbNumber Counter\u00a0\u00bb _builder_version=\u00a0\u00bb3.0.69&Prime; background_size=\u00a0\u00bbinitial\u00a0\u00bb background_position=\u00a0\u00bbtop_left\u00a0\u00bb background_repeat=\u00a0\u00bbrepeat\u00a0\u00bb][\/et_pb_number_counter][\/et_pb_column][et_pb_column type=\u00a0\u00bb1_4&Prime; _builder_version=\u00a0\u00bb3.0.47&Prime; parallax=\u00a0\u00bboff\u00a0\u00bb parallax_method=\u00a0\u00bbon\u00a0\u00bb][et_pb_number_counter title=\u00a0\u00bbAnn\u00e9es d&rsquo;exp\u00e9rience\u00a0\u00bb number=\u00a0\u00bb10 \u00a0\u00bb percent_sign=\u00a0\u00bboff\u00a0\u00bb counter_color=\u00a0\u00bb#2caaca\u00a0\u00bb background_layout=\u00a0\u00bbdark\u00a0\u00bb admin_label=\u00a0\u00bbNumber Counter\u00a0\u00bb _builder_version=\u00a0\u00bb3.0.69&Prime; background_size=\u00a0\u00bbinitial\u00a0\u00bb background_position=\u00a0\u00bbtop_left\u00a0\u00bb background_repeat=\u00a0\u00bbrepeat\u00a0\u00bb][\/et_pb_number_counter][\/et_pb_column][et_pb_column type=\u00a0\u00bb1_4&Prime; _builder_version=\u00a0\u00bb3.0.47&Prime; parallax=\u00a0\u00bboff\u00a0\u00bb parallax_method=\u00a0\u00bbon\u00a0\u00bb][et_pb_number_counter title=\u00a0\u00bbCamions\u00a0\u00bb number=\u00a0\u00bb11&Prime; percent_sign=\u00a0\u00bboff\u00a0\u00bb counter_color=\u00a0\u00bb#35bbaa\u00a0\u00bb background_layout=\u00a0\u00bbdark\u00a0\u00bb admin_label=\u00a0\u00bbNumber Counter\u00a0\u00bb _builder_version=\u00a0\u00bb3.0.69&Prime; background_size=\u00a0\u00bbinitial\u00a0\u00bb background_position=\u00a0\u00bbtop_left\u00a0\u00bb background_repeat=\u00a0\u00bbrepeat\u00a0\u00bb][\/et_pb_number_counter][\/et_pb_column][et_pb_column type=\u00a0\u00bb1_4&Prime; _builder_version=\u00a0\u00bb3.0.47&Prime; parallax=\u00a0\u00bboff\u00a0\u00bb parallax_method=\u00a0\u00bbon\u00a0\u00bb][et_pb_number_counter title=\u00a0\u00bbClients satisfaits\u00a0\u00bb number=\u00a0\u00bb10654&Prime; percent_sign=\u00a0\u00bboff\u00a0\u00bb counter_color=\u00a0\u00bb#ef6462&Prime; background_layout=\u00a0\u00bbdark\u00a0\u00bb admin_label=\u00a0\u00bbNumber Counter\u00a0\u00bb _builder_version=\u00a0\u00bb3.0.69&Prime; background_size=\u00a0\u00bbinitial\u00a0\u00bb background_position=\u00a0\u00bbtop_left\u00a0\u00bb background_repeat=\u00a0\u00bbrepeat\u00a0\u00bb][\/et_pb_number_counter][\/et_pb_column][\/et_pb_row][\/et_pb_section]<\/p>\n","protected":false},"excerpt":{"rendered":"<p>[et_pb_section fb_built=\u00a0\u00bb1&Prime; custom_padding=\u00a0\u00bb0px|0px|0px|0px\u00a0\u00bb _builder_version=\u00a0\u00bb3.0.69&Prime; background_image=\u00a0\u00bbhttps:\/\/outremont.movingdowntown.ca\/wp-content\/uploads\/2019\/09\/outremont_moving_.jpg\u00a0\u00bb background_size=\u00a0\u00bbinitial\u00a0\u00bb][et_pb_row custom_padding=\u00a0\u00bb|||\u00a0\u00bb custom_padding_phone=\u00a0\u00bb|||\u00a0\u00bb custom_margin=\u00a0\u00bb|||\u00a0\u00bb custom_padding_last_edited=\u00a0\u00bbon|desktop\u00a0\u00bb _builder_version=\u00a0\u00bb3.0.69&Prime; background_size=\u00a0\u00bbinitial\u00a0\u00bb background_position=\u00a0\u00bbtop_left\u00a0\u00bb background_repeat=\u00a0\u00bbrepeat\u00a0\u00bb][et_pb_column type=\u00a0\u00bb4_4&Prime; _builder_version=\u00a0\u00bb3.0.47&Prime; parallax=\u00a0\u00bboff\u00a0\u00bb parallax_method=\u00a0\u00bbon\u00a0\u00bb][et_pb_code max_width_last_edited=\u00a0\u00bbon|phone\u00a0\u00bb _builder_version=\u00a0\u00bb3.0.69&Prime;]&lt;p align=\u00a0\u00bbright\u00a0\u00bb&gt;&lt;a href=\u00a0\u00bb\/fr\/\u00a0\u00bb&gt;&lt;img src=\u00a0\u00bbhttps:\/\/outremont.movingdowntown.ca\/wp-content\/uploads\/2019\/09\/fr.png\u00a0\u00bb alt=\u00a0\u00bbfr\u00a0\u00bb title=\u00a0\u00bbFrancais\u00a0\u00bb&gt;&lt;\/a&gt;&nbsp;&lt;a href=\u00a0\u00bb\/contact\/\u00a0\u00bb&gt;&lt;img src=\u00a0\u00bbhttps:\/\/outremont.movingdowntown.ca\/wp-content\/uploads\/2019\/09\/en.png\u00a0\u00bb alt=\u00a0\u00bben\u00a0\u00bb title=\u00a0\u00bbEnglish\u00a0\u00bb&gt;&lt;\/a&gt;&lt;\/p&gt;&lt;!&#8211; [et_pb_line_break_holder] &#8211;&gt; [\/et_pb_code][\/et_pb_column][\/et_pb_row][et_pb_row use_custom_width=\u00a0\u00bbon\u00a0\u00bb width_unit=\u00a0\u00bboff\u00a0\u00bb custom_padding=\u00a0\u00bb0px|||\u00a0\u00bb custom_margin=\u00a0\u00bb0px|||\u00a0\u00bb _builder_version=\u00a0\u00bb3.0.69&Prime; background_size=\u00a0\u00bbinitial\u00a0\u00bb background_position=\u00a0\u00bbtop_left\u00a0\u00bb background_repeat=\u00a0\u00bbrepeat\u00a0\u00bb][et_pb_column type=\u00a0\u00bb4_4&Prime; _builder_version=\u00a0\u00bb3.0.47&Prime; parallax=\u00a0\u00bboff\u00a0\u00bb parallax_method=\u00a0\u00bbon\u00a0\u00bb][et_pb_text background_layout=\u00a0\u00bbdark\u00a0\u00bb text_orientation=\u00a0\u00bbcenter\u00a0\u00bb admin_label=\u00a0\u00bbText\u00a0\u00bb _builder_version=\u00a0\u00bb3.0.69&Prime; header_font_size=\u00a0\u00bb69px\u00a0\u00bb header_font_size_tablet=\u00a0\u00bb95px\u00a0\u00bb header_font_size_phone=\u00a0\u00bb91px\u00a0\u00bb header_font_size_last_edited=\u00a0\u00bbon|phone\u00a0\u00bb background_size=\u00a0\u00bbinitial\u00a0\u00bb background_position=\u00a0\u00bbtop_left\u00a0\u00bb background_repeat=\u00a0\u00bbrepeat\u00a0\u00bb [&hellip;]<\/p>\n","protected":false},"author":1,"featured_media":0,"parent":0,"menu_order":5,"comment_status":"closed","ping_status":"closed","template":"","meta":[],"_links":{"self":[{"href":"https:\/\/outremont.movingdowntown.ca\/fr\/wp-json\/wp\/v2\/pages\/138"}],"collection":[{"href":"https:\/\/outremont.movingdowntown.ca\/fr\/wp-json\/wp\/v2\/pages"}],"about":[{"href":"https:\/\/outremont.movingdowntown.ca\/fr\/wp-json\/wp\/v2\/types\/page"}],"author":[{"embeddable":true,"href":"https:\/\/outremont.movingdowntown.ca\/fr\/wp-json\/wp\/v2\/users\/1"}],"replies":[{"embeddable":true,"href":"https:\/\/outremont.movingdowntown.ca\/fr\/wp-json\/wp\/v2\/comments?post=138"}],"version-history":[{"count":0,"href":"https:\/\/outremont.movingdowntown.ca\/fr\/wp-json\/wp\/v2\/pages\/138\/revisions"}],"wp:attachment":[{"href":"https:\/\/outremont.movingdowntown.ca\/fr\/wp-json\/wp\/v2\/media?parent=138"}],"curies":[{"name":"wp","href":"https:\/\/api.w.org\/{rel}","templated":true}]}}